{"id":164,"date":"2021-06-26T14:29:20","date_gmt":"2021-06-26T12:29:20","guid":{"rendered":"https:\/\/www.ccozy-objetdart.fr\/objet_dart\/?page_id=164"},"modified":"2021-08-18T10:59:19","modified_gmt":"2021-08-18T08:59:19","slug":"mes-nouvelles-oeuvres","status":"publish","type":"page","link":"https:\/\/www.ccozy-objetdart.fr\/objet_dart\/","title":{"rendered":"Mes nouvelles oeuvres&#8230;"},"content":{"rendered":"\n<figure class=\"wp-block-image size-full\"><img loading=\"lazy\" decoding=\"async\" width=\"1000\" height=\"1000\" src=\"http:\/\/www.ccozy-objetdart.fr\/objet_dart\/wp-content\/uploads\/2021\/08\/ensemble2.jpg\" alt=\"\" class=\"wp-image-183\" srcset=\"https:\/\/www.ccozy-objetdart.fr\/objet_dart\/wp-content\/uploads\/2021\/08\/ensemble2.jpg 1000w, https:\/\/www.ccozy-objetdart.fr\/objet_dart\/wp-content\/uploads\/2021\/08\/ensemble2-300x300.jpg 300w, https:\/\/www.ccozy-objetdart.fr\/objet_dart\/wp-content\/uploads\/2021\/08\/ensemble2-150x150.jpg 150w, https:\/\/www.ccozy-objetdart.fr\/objet_dart\/wp-content\/uploads\/2021\/08\/ensemble2-768x768.jpg 768w\" sizes=\"auto, (max-width: 1000px) 100vw, 1000px\" \/><\/figure>\n\n\n\n<p><em>Bois massif sculpt\u00e9, marbre blanc reconstitu\u00e9, pierre de taille et source de lumi\u00e8re, sont les principaux mat\u00e9riaux qui composent ma nouvelle collection.<\/em> <em>Attitudes, pr\u00e9sence et prestance, force et mouvement, gr\u00e2ce, mythes et symboles sont les caract\u00e9ristiques d\u00e9terminantes de mes derni\u00e8res oeuvres.<\/em><br><br>J<em>e cr\u00e9e des pi\u00e8ces uniques, puis\u00e9es d&rsquo;une imagination lib\u00e9r\u00e9e de toutes contraintes, techniques et esth\u00e9tiques, inspir\u00e9es du monde animal : le monde fantasmagorique des b\u00eates \u00e0 cornes. Un monde de l\u00e9gende qui hante l\u2019esprit de l\u2019humanit\u00e9 depuis la nuit des temps.<\/em><br><em>Ma fascination pour celui-ci remonte \u00e0 l&rsquo;enfance. Il m&rsquo;a fallu patienter plus de trente ann\u00e9es d\u2019expression dans le monde du design et de l\u2019architecture pour enfin franchir le pas. Apr\u00e8s la rigueur, place \u00e0 l\u2019expression libre\u2026<\/em><br><br><em>Comment d\u00e9finir cette nouvelle expression ?<\/em><br><em>&#8230;sculptures lumineuses, &#8230;objets lumineux, &#8230;\u0153uvres lumineuses ?<\/em><br><br><em>Je dirais, des \u0153uvres \u00ab\u00a0illun\u00e9es\u00a0\u00bb, qui m&rsquo;appara\u00eet \u00eatre le terme le plus adapt\u00e9. Mot emprunt\u00e9 \u00e0 Arthur Rimbaud, qui signifie \u00e9clair\u00e9 par la lune : \u00ab La fen\u00eatre \u00e9tait blanche, devant le sommeil bleu des rideaux illun\u00e9s \u00bb.<\/em><br><br><em><em>Empala, Toro de Lidia, Black Buck et bien d\u2019autres qui verront bient\u00f4t le jour, sont des \u0153uvres illun\u00e9es, \u0153uvres \u00e0 double lecture&nbsp;: jeux d&rsquo;ombre et de lumi\u00e8re du jour et la nuit&#8230;<\/em><\/em><br><\/p>\n\n\n\n<p><\/p>\n\n\n\n<p><\/p>\n\n\n\n<p><\/p>\n\n\n\n<p><\/p>\n\n\n\n<p><\/p>\n\n\n\n<p><\/p>\n\n\n\n<p><\/p>\n","protected":false},"excerpt":{"rendered":"<p>Bois massif sculpt\u00e9, marbre blanc reconstitu\u00e9, pierre de taille et source de lumi\u00e8re, sont les principaux&hellip;<\/p>\n","protected":false},"author":1,"featured_media":0,"parent":0,"menu_order":0,"comment_status":"closed","ping_status":"closed","template":"","meta":{"footnotes":""},"class_list":["post-164","page","type-page","status-publish","hentry"],"_links":{"self":[{"href":"https:\/\/www.ccozy-objetdart.fr\/objet_dart\/wp-json\/wp\/v2\/pages\/164","targetHints":{"allow":["GET"]}}],"collection":[{"href":"https:\/\/www.ccozy-objetdart.fr\/objet_dart\/wp-json\/wp\/v2\/pages"}],"about":[{"href":"https:\/\/www.ccozy-objetdart.fr\/objet_dart\/wp-json\/wp\/v2\/types\/page"}],"author":[{"embeddable":true,"href":"https:\/\/www.ccozy-objetdart.fr\/objet_dart\/wp-json\/wp\/v2\/users\/1"}],"replies":[{"embeddable":true,"href":"https:\/\/www.ccozy-objetdart.fr\/objet_dart\/wp-json\/wp\/v2\/comments?post=164"}],"version-history":[{"count":5,"href":"https:\/\/www.ccozy-objetdart.fr\/objet_dart\/wp-json\/wp\/v2\/pages\/164\/revisions"}],"predecessor-version":[{"id":184,"href":"https:\/\/www.ccozy-objetdart.fr\/objet_dart\/wp-json\/wp\/v2\/pages\/164\/revisions\/184"}],"wp:attachment":[{"href":"https:\/\/www.ccozy-objetdart.fr\/objet_dart\/wp-json\/wp\/v2\/media?parent=164"}],"curies":[{"name":"wp","href":"https:\/\/api.w.org\/{rel}","templated":true}]}}