{"id":109,"date":"2021-03-09T11:24:33","date_gmt":"2021-03-09T10:24:33","guid":{"rendered":"http:\/\/www.ccozy-objetdart.fr\/objet_dart\/?page_id=109"},"modified":"2021-08-21T12:32:34","modified_gmt":"2021-08-21T10:32:34","slug":"fiches-descriptives","status":"publish","type":"page","link":"https:\/\/www.ccozy-objetdart.fr\/objet_dart\/fiches-descriptives\/","title":{"rendered":"Fiches descriptives"},"content":{"rendered":"<div class=\"wp-block-file\">\n<div style=\"background:#eeeeee ; border-radius:20px ; width:650px ; text-align:center ; padding:10px ; margin:10px \"><a href=\"http:\/\/www.ccozy-objetdart.fr\/objet_dart\/wp-content\/uploads\/2021\/08\/Fiche_descriptive_Empala.pdf\"> T\u00e9l\u00e9charger Fiche descriptive Empala <\/a><\/div>\n<div style=\"background:#eeeeee ; border-radius:20px ; width:650px ; text-align:center ; padding:10px ; margin:10px \"><a href=\"http:\/\/www.ccozy-objetdart.fr\/objet_dart\/wp-content\/uploads\/2021\/08\/Fiche_descriptive_Black_Buck.pdf\" style=\"width:650px ; text-align:center\"> T\u00e9l\u00e9charger Fiche descriptive Black Buck <\/a><\/div>\n<div style=\"background:#eeeeee ; border-radius:20px ; width:650px ; text-align:center ; padding:10px ; margin:10px \"><a href=\"http:\/\/www.ccozy-objetdart.fr\/objet_dart\/wp-content\/uploads\/2021\/08\/Fiche_descriptive_Toro_de_Lidia.pdf\" style=\"width:650px ; text-align:center\"> T\u00e9l\u00e9charger Fiche descriptive Toro de Lidia <\/a><\/div>\n<p>Si le fichier  ne s&rsquo;affiche pas : retrouvez le dans votre r\u00e9pertoire \u00ab\u00a0T\u00e9l\u00e9chargement\u00a0\u00bb.<\/p>\n<\/div>\n","protected":false},"excerpt":{"rendered":"<p>T\u00e9l\u00e9charger Fiche descriptive Empala T\u00e9l\u00e9charger Fiche descriptive Black Buck T\u00e9l\u00e9charger Fiche descriptive Toro de Lidia Si&hellip;<\/p>\n","protected":false},"author":1,"featured_media":0,"parent":0,"menu_order":0,"comment_status":"closed","ping_status":"closed","template":"","meta":{"footnotes":""},"class_list":["post-109","page","type-page","status-publish","hentry"],"_links":{"self":[{"href":"https:\/\/www.ccozy-objetdart.fr\/objet_dart\/wp-json\/wp\/v2\/pages\/109","targetHints":{"allow":["GET"]}}],"collection":[{"href":"https:\/\/www.ccozy-objetdart.fr\/objet_dart\/wp-json\/wp\/v2\/pages"}],"about":[{"href":"https:\/\/www.ccozy-objetdart.fr\/objet_dart\/wp-json\/wp\/v2\/types\/page"}],"author":[{"embeddable":true,"href":"https:\/\/www.ccozy-objetdart.fr\/objet_dart\/wp-json\/wp\/v2\/users\/1"}],"replies":[{"embeddable":true,"href":"https:\/\/www.ccozy-objetdart.fr\/objet_dart\/wp-json\/wp\/v2\/comments?post=109"}],"version-history":[{"count":23,"href":"https:\/\/www.ccozy-objetdart.fr\/objet_dart\/wp-json\/wp\/v2\/pages\/109\/revisions"}],"predecessor-version":[{"id":225,"href":"https:\/\/www.ccozy-objetdart.fr\/objet_dart\/wp-json\/wp\/v2\/pages\/109\/revisions\/225"}],"wp:attachment":[{"href":"https:\/\/www.ccozy-objetdart.fr\/objet_dart\/wp-json\/wp\/v2\/media?parent=109"}],"curies":[{"name":"wp","href":"https:\/\/api.w.org\/{rel}","templated":true}]}}